{"id":49,"date":"2010-04-14T13:50:17","date_gmt":"2010-04-14T11:50:17","guid":{"rendered":"http:\/\/localhost\/?page_id=49"},"modified":"2025-03-13T14:58:49","modified_gmt":"2025-03-13T12:58:49","slug":"links","status":"publish","type":"page","link":"http:\/\/www.museum-nohfelden.de\/?page_id=49","title":{"rendered":"Links"},"content":{"rendered":"<p>Auf dieser Seite haben wir interessante Links zusammengestellt:<\/p>\n<ul>\n<li><a href=\"http:\/\/www.bostalsee.de\/\" target=\"_new\">Bostalsee.de<\/a><\/li>\n<li><a href=\"http:\/\/www.nohfelden.de\/\" target=\"_new\">Nohfelden.de<\/a><\/li>\n<li><a href=\"http:\/\/www.koehlertage.de\">Arbeitsgemeinschaft Walhauser Vereine<\/a><\/li>\n<li><a href=\"http:\/\/www.card.saarland\">Saarland Card<\/a><\/li>\n<li><a href=\"http:\/\/www.landeskunde-saarland.de\">Vereins f\u00fcr Landeskunde im Saarland e.V. <\/a><\/li>\n<li><a href=\"http:\/\/www.museumsverband-saarland.de\">Saarl\u00e4ndischer Museumsverband<\/a><\/li>\n<li><a href=\"http:\/\/www.svt-saar.de\">Saarl\u00e4ndischer Volkstanz- und Trachtenverband e.V.<\/a><\/li>\n<li><a href=\"http:\/\/www.herzog-maschinenmuseum.de\">Museum Maschinenbau-Herzog<\/a><\/li>\n<li><a href=\"https:\/\/www.saarland.de\/muv\/DE\/portale\/laendlicheentwicklung\/aktuelles\/aktuelle-meldungen\/2022\/q1\/pm_2022-02-18_026_Mundart.html\">Ministerium f\u00fcr Umwelt und Verbraucherschut Saarland<\/a><\/li>\n<li><a href=\"https:\/\/www.saarland.de\/mukmav\/DE\/portale\/laendlicheentwicklung\/informationen\/heimatmuseen\">Video: Museum f\u00fcr Mode &amp; Tracht<\/a><\/li>\n<\/ul>\n<p>Die unter der Url &#8220;http:\/\/museum-nohfelden.de\/&#8221; angebotenen Links auf externe Angebote sind interessante und informative Wegweiser f\u00fcr die Besucher unserer Seiten. F\u00fcr die Inhalte der gelinkten Seite k\u00f6nnen wir allerdings keine Verantwortung \u00fcbernehmen. Sollten Sie herausfinden, dass eine gelinkte Seite nicht mehr existiert oder sich Inhalte, die Anlass zur Kritik geben, darauf befinden, so senden Sie uns bitte eine <a href=\"mailto:webmaster@svt-saar.de\">e-Mail<\/a>.<\/p>\n","protected":false},"excerpt":{"rendered":"<p>Auf dieser Seite haben wir interessante Links zusammengestellt: Bostalsee.de Nohfelden.de Arbeitsgemeinschaft Walhauser Vereine Saarland Card Vereins f\u00fcr Landeskunde im Saarland e.V. Saarl\u00e4ndischer Museumsverband Saarl\u00e4ndischer Volkstanz- und Trachtenverband e.V. Museum Maschinenbau-Herzog Ministerium f\u00fcr Umwelt und Verbraucherschut Saarland Video: Museum f\u00fcr Mode &amp; Tracht Die unter der Url &#8220;http:\/\/museum-nohfelden.de\/&#8221; angebotenen Links auf externe Angebote sind interessante und [&hellip;]<\/p>\n","protected":false},"author":1,"featured_media":0,"parent":0,"menu_order":0,"comment_status":"closed","ping_status":"closed","template":"","meta":[],"_links":{"self":[{"href":"http:\/\/www.museum-nohfelden.de\/index.php?rest_route=\/wp\/v2\/pages\/49"}],"collection":[{"href":"http:\/\/www.museum-nohfelden.de\/index.php?rest_route=\/wp\/v2\/pages"}],"about":[{"href":"http:\/\/www.museum-nohfelden.de\/index.php?rest_route=\/wp\/v2\/types\/page"}],"author":[{"embeddable":true,"href":"http:\/\/www.museum-nohfelden.de\/index.php?rest_route=\/wp\/v2\/users\/1"}],"replies":[{"embeddable":true,"href":"http:\/\/www.museum-nohfelden.de\/index.php?rest_route=%2Fwp%2Fv2%2Fcomments&post=49"}],"version-history":[{"count":48,"href":"http:\/\/www.museum-nohfelden.de\/index.php?rest_route=\/wp\/v2\/pages\/49\/revisions"}],"predecessor-version":[{"id":2706,"href":"http:\/\/www.museum-nohfelden.de\/index.php?rest_route=\/wp\/v2\/pages\/49\/revisions\/2706"}],"wp:attachment":[{"href":"http:\/\/www.museum-nohfelden.de\/index.php?rest_route=%2Fwp%2Fv2%2Fmedia&parent=49"}],"curies":[{"name":"wp","href":"https:\/\/api.w.org\/{rel}","templated":true}]}}