{"id":43,"date":"2010-04-14T13:45:28","date_gmt":"2010-04-14T11:45:28","guid":{"rendered":"http:\/\/localhost\/?page_id=43"},"modified":"2024-05-29T18:30:53","modified_gmt":"2024-05-29T16:30:53","slug":"wir-sammeln","status":"publish","type":"page","link":"http:\/\/www.museum-nohfelden.de\/?page_id=43","title":{"rendered":"Wir sammeln &#8230;"},"content":{"rendered":"<p><strong> &#8211; von 1850 bis heute <\/strong><\/p>\n<p>Herren-, Frauen-, Kinderbekleidung<\/p>\n<p>Hier nur einige Beispiele:<\/p>\n<p>Oberbekleidung f\u00fcr Frauen: Kleid (einteilig, zweiteilig, mehrteilig), Rock, Bluse, Jacke usw.<\/p>\n<p>f\u00fcr M\u00e4nner Anzug (dreiteilig, zweiteilig).<\/p>\n<p>\u00dcberbekleidung<br \/>\nMantel, Umhang, Cape, Schal, Handschuhe usw.<\/p>\n<p>Getragenes Zubeh\u00f6r:<br \/>\nf\u00fcr den Kopf: Hut, Haube, M\u00fctze<br \/>\nim Gesicht: Brille, Monokel, Zwicker<br \/>\nErg\u00e4nzendes Zubeh\u00f6r: Tasche, Schirm, Spazierstock usw.<\/p>\n<p>Helfen Sie bitte mit, dass diese wichtigen Kulturg\u00fcter nicht im Kleidersack enden.<\/p>\n<p>Wir bitten um Verst\u00e4ndnis, wenn wir <strong>nicht mehr<\/strong> alle Bekleidungsspenden annehmen k\u00f6nnen, da der Platz in unserem Depot fast ersch\u00f6pft ist.<br \/>\nBitte fragen Sie nach ob wir Ihre Kleiderspenden noch aufnehmen k\u00f6nnen.<\/p>\n","protected":false},"excerpt":{"rendered":"<p>&#8211; von 1850 bis heute Herren-, Frauen-, Kinderbekleidung Hier nur einige Beispiele: Oberbekleidung f\u00fcr Frauen: Kleid (einteilig, zweiteilig, mehrteilig), Rock, Bluse, Jacke usw. f\u00fcr M\u00e4nner Anzug (dreiteilig, zweiteilig). \u00dcberbekleidung Mantel, Umhang, Cape, Schal, Handschuhe usw. Getragenes Zubeh\u00f6r: f\u00fcr den Kopf: Hut, Haube, M\u00fctze im Gesicht: Brille, Monokel, Zwicker Erg\u00e4nzendes Zubeh\u00f6r: Tasche, Schirm, Spazierstock usw. Helfen [&hellip;]<\/p>\n","protected":false},"author":1,"featured_media":0,"parent":0,"menu_order":0,"comment_status":"closed","ping_status":"closed","template":"","meta":[],"_links":{"self":[{"href":"http:\/\/www.museum-nohfelden.de\/index.php?rest_route=\/wp\/v2\/pages\/43"}],"collection":[{"href":"http:\/\/www.museum-nohfelden.de\/index.php?rest_route=\/wp\/v2\/pages"}],"about":[{"href":"http:\/\/www.museum-nohfelden.de\/index.php?rest_route=\/wp\/v2\/types\/page"}],"author":[{"embeddable":true,"href":"http:\/\/www.museum-nohfelden.de\/index.php?rest_route=\/wp\/v2\/users\/1"}],"replies":[{"embeddable":true,"href":"http:\/\/www.museum-nohfelden.de\/index.php?rest_route=%2Fwp%2Fv2%2Fcomments&post=43"}],"version-history":[{"count":6,"href":"http:\/\/www.museum-nohfelden.de\/index.php?rest_route=\/wp\/v2\/pages\/43\/revisions"}],"predecessor-version":[{"id":2518,"href":"http:\/\/www.museum-nohfelden.de\/index.php?rest_route=\/wp\/v2\/pages\/43\/revisions\/2518"}],"wp:attachment":[{"href":"http:\/\/www.museum-nohfelden.de\/index.php?rest_route=%2Fwp%2Fv2%2Fmedia&parent=43"}],"curies":[{"name":"wp","href":"https:\/\/api.w.org\/{rel}","templated":true}]}}