{"id":37,"date":"2010-04-14T13:38:03","date_gmt":"2010-04-14T11:38:03","guid":{"rendered":"http:\/\/localhost\/?page_id=36"},"modified":"2023-10-24T20:03:17","modified_gmt":"2023-10-24T18:03:17","slug":"standort","status":"publish","type":"page","link":"http:\/\/www.museum-nohfelden.de\/?page_id=37","title":{"rendered":"Standort"},"content":{"rendered":"<p>Standort des Museums:<br \/>\nAltes Amtshaus<br \/>\nAn der Burg<br \/>\n66625 Nohfelden<\/p>\n<p>Das Museum ist im &#8220;Alten Amtshaus&#8221; (ehemaliges Amtsgerichtsgeb\u00e4ude) in der direkten Nachbarschaft<br \/>\nzur Burg Nohfelden und dem Rathaus Nohfelden untergebracht.<\/p>\n<p><img decoding=\"async\" loading=\"lazy\" src=\"http:\/\/museum-nohfelden.de\/images\/IMG_1843.jpg\" alt=\"\" width=\"300\" height=\"185\" border=\"0\" \/><br \/>\nVorderansicht des Alten Amtshauses<\/p>\n<p><a href=\"http:\/\/www.museum-nohfelden.de\/wp-content\/uploads\/2010\/04\/Amtshaus-3b.jpg\"><img decoding=\"async\" loading=\"lazy\" class=\"size-medium wp-image-2204 alignnone\" src=\"http:\/\/www.museum-nohfelden.de\/wp-content\/uploads\/2010\/04\/Amtshaus-3b-300x231.jpg\" alt=\"Amtshaus 3b\" width=\"300\" height=\"231\" srcset=\"http:\/\/www.museum-nohfelden.de\/wp-content\/uploads\/2010\/04\/Amtshaus-3b-300x231.jpg 300w, http:\/\/www.museum-nohfelden.de\/wp-content\/uploads\/2010\/04\/Amtshaus-3b.jpg 598w\" sizes=\"(max-width: 300px) 100vw, 300px\" \/><\/a><\/p>\n<p>Eingang zum Museum<\/p>\n<p>&nbsp;<\/p>\n<p><span style=\"text-decoration: underline;\"><strong>Anfahrt:<\/strong><\/span><br \/>\n<img decoding=\"async\" loading=\"lazy\" src=\"http:\/\/museum-nohfelden.de\/images\/museum.gif\" alt=\"\" width=\"377\" height=\"336\" border=\"0\" \/><\/p>\n<p>&nbsp;<\/p>\n<p><span style=\"text-decoration: underline;\">mit dem Auto:<\/span><br \/>\n&#8211; aus Saarbr\u00fccken auf A 1 bis Nonnweiler-Primstal Richtung Bostalsee, Nohfelden<br \/>\n&#8211; aus Kaiserslautern auf A 6 bis Kreuz Landstuhl, dann auf A 62 Richtung Trier<br \/>\nAbfahrt T\u00fcrkism\u00fchle<br \/>\nin Nohfelden: Richtung Burg, Rathaus<\/p>\n<p><span style=\"text-decoration: underline;\">mit dem Zug:<\/span><br \/>\n&#8211; Regionalbahn ab Saarbr\u00fccken bzw. aus Idar-Oberstein\/Bad Kreuznach bis Haltestelle Nohfelden.<br \/>\nVom Bahnhof bis zum Museum sind es ca. 600 m.<\/p>\n<p><strong>Parkplatz<br \/>\n<\/strong>Parkpl\u00e4tze stehen in ausreichender Anzahl in unmittelbarer N\u00e4he des Museums zur Verf\u00fcgung<\/p>\n<p><strong>Wichtig zu Wissen<br \/>\n<\/strong>Das Museum befindet sich im 1. Stock des Alten Amtshauses. Leider gibt es keine M\u00f6glichkeit f\u00fcr Rollstuhlfahrer, das Museum zu erreichen. Bis zur Eingangst\u00fcr sind es 4 Treppenstufen. Bis in den 1. Stock sind es 18 Stufen. Eine Behindertentoilette befindet sich im Rathaus und kann w\u00e4hrend der Dienststunden des Rathauses benutzt werden<strong>.<\/strong><\/p>\n","protected":false},"excerpt":{"rendered":"<p>Standort des Museums: Altes Amtshaus An der Burg 66625 Nohfelden Das Museum ist im &#8220;Alten Amtshaus&#8221; (ehemaliges Amtsgerichtsgeb\u00e4ude) in der direkten Nachbarschaft zur Burg Nohfelden und dem Rathaus Nohfelden untergebracht. Vorderansicht des Alten Amtshauses Eingang zum Museum &nbsp; Anfahrt: &nbsp; mit dem Auto: &#8211; aus Saarbr\u00fccken auf A 1 bis Nonnweiler-Primstal Richtung Bostalsee, Nohfelden &#8211; [&hellip;]<\/p>\n","protected":false},"author":1,"featured_media":0,"parent":0,"menu_order":1,"comment_status":"closed","ping_status":"closed","template":"","meta":[],"_links":{"self":[{"href":"http:\/\/www.museum-nohfelden.de\/index.php?rest_route=\/wp\/v2\/pages\/37"}],"collection":[{"href":"http:\/\/www.museum-nohfelden.de\/index.php?rest_route=\/wp\/v2\/pages"}],"about":[{"href":"http:\/\/www.museum-nohfelden.de\/index.php?rest_route=\/wp\/v2\/types\/page"}],"author":[{"embeddable":true,"href":"http:\/\/www.museum-nohfelden.de\/index.php?rest_route=\/wp\/v2\/users\/1"}],"replies":[{"embeddable":true,"href":"http:\/\/www.museum-nohfelden.de\/index.php?rest_route=%2Fwp%2Fv2%2Fcomments&post=37"}],"version-history":[{"count":14,"href":"http:\/\/www.museum-nohfelden.de\/index.php?rest_route=\/wp\/v2\/pages\/37\/revisions"}],"predecessor-version":[{"id":2457,"href":"http:\/\/www.museum-nohfelden.de\/index.php?rest_route=\/wp\/v2\/pages\/37\/revisions\/2457"}],"wp:attachment":[{"href":"http:\/\/www.museum-nohfelden.de\/index.php?rest_route=%2Fwp%2Fv2%2Fmedia&parent=37"}],"curies":[{"name":"wp","href":"https:\/\/api.w.org\/{rel}","templated":true}]}}