{"id":242,"date":"2011-01-17T10:05:41","date_gmt":"2011-01-17T08:05:41","guid":{"rendered":"http:\/\/www.museum-nohfelden.de\/?page_id=242"},"modified":"2024-09-22T16:12:21","modified_gmt":"2024-09-22T14:12:21","slug":"museumskoffer","status":"publish","type":"page","link":"http:\/\/www.museum-nohfelden.de\/?page_id=242","title":{"rendered":"Museumskoffer"},"content":{"rendered":"<p style=\"text-align: center;\"><strong><a href=\"http:\/\/www.museum-nohfelden.de\/wp-content\/uploads\/2011\/01\/Museumskoffer5.jpg\"><img decoding=\"async\" loading=\"lazy\" class=\"aligncenter size-full wp-image-272\" title=\"Museumskoffer\" src=\"http:\/\/www.museum-nohfelden.de\/wp-content\/uploads\/2011\/01\/Museumskoffer5.jpg\" alt=\"\" width=\"530\" height=\"747\" srcset=\"http:\/\/www.museum-nohfelden.de\/wp-content\/uploads\/2011\/01\/Museumskoffer5.jpg 530w, http:\/\/www.museum-nohfelden.de\/wp-content\/uploads\/2011\/01\/Museumskoffer5-212x300.jpg 212w\" sizes=\"(max-width: 530px) 100vw, 530px\" \/><\/a><\/strong><\/p>\n<p><strong>Liebe P\u00e4dagoginnen und P\u00e4dagogen!<\/strong><\/p>\n<p>Entdecken Sie unser Museum und die Geschichte der Bekleidung unserer Vorfahren.<br \/>\nZu dem Museumskoffer gibt es ein Arbeitsheft.<br \/>\nDieses soll Ihnen die Benutzung des Museumskoffers im Unterricht erleichtern, den Museumsbesuch mit einer Kindergruppe oder Schulklasse vor- oder nachbereiten helfen oder Sie beim Museumsbesuch mit einer Kindergruppe oder Schulklasse unterst\u00fctzen.<\/p>\n<p>Die Besch\u00e4ftigung mit Mode und Tracht kann n\u00e4mlich richtig spannend und auch lustig sein. Haben Sie gewusst, dass man an der Bergmannstracht sehen konnte, wo jemand im Saarland lebte, Kanarienv\u00f6gel Lebensretter waren und man Manschetten hat, wenn man Angst hat?<\/p>\n<p>All dies und mehr wird im beiliegenden Heft altersgerecht und spannend erkl\u00e4rt. Kopiervorlagen und R\u00e4tsel erleichtern die Vorbereitung. Kinder und Erwachsene erfahren dabei auch vieles \u00fcber das Saarland, seine Geschichte und besondere Perlen seines kulturellen Erbes.<\/p>\n<p>Kleider machen eben Leute, auch Saarl\u00e4nder!<\/p>\n<p><strong>Themenbereiche im Arbeitsheft:<\/strong><\/p>\n<p>1.\u00a0\u00a0\u00a0\u00a0\u00a0\u00a0 Bergmannstracht \u2013 Bergmannsuniform<br \/>\nKlassenstufe 2 \u2013 4<\/p>\n<p>2.\u00a0\u00a0\u00a0\u00a0\u00a0\u00a0 Die Metamorphose der Unterhose, eine kleine Ge-schichte der Unterw\u00e4sche<br \/>\nKlassenstufe 2 &#8211; 7<\/p>\n<p>3.\u00a0\u00a0\u00a0\u00a0\u00a0\u00a0 Tracht, Mode und ihr Preis oder: Wo kommen die vielen bunten T-Shirts her?<br \/>\nKlassenstufe 3 \u2013 7<\/p>\n<p><strong>Inhaltsverzeichnis des Arbeitsheftes:<\/strong><\/p>\n<p><strong>1. Kapitel.: Bergmannstracht \u2013 Bergmannsuniform<\/strong><strong><br \/>\n<\/strong>Geschichte des Bergbaus<br \/>\nBergmann oder Bauer<br \/>\nBergmannstracht \u2013 Bergmannsuniform<br \/>\nBergmannsgru\u00df<br \/>\nSteigerlied<br \/>\nSt. Barbara<br \/>\nHansi der Lebensretter<br \/>\nBergmannskuh<br \/>\nBergmannstracht \u2013 richtig oder falsch?<\/p>\n<p><strong>2. Kapitel.: Die Metamorphose der Unterhose \u2013 zur Geschichte der Unterw\u00e4sche<span style=\"text-decoration: underline;\"><br \/>\n<\/span><\/strong>Leben vor 150 Jahren<br \/>\nBerufe vor 150 Jahren &#8211; Gitterr\u00e4tsel<br \/>\nMetamorphose der Unterhose \u2013 richtig oder falsch?<br \/>\nWas sind Baumwolle, Leinen, Flachs und Hanf?<br \/>\nFrauenhosen, die Unaussprechlichen<br \/>\nEmanzipation der Frauenkleider<br \/>\nSprichw\u00f6rtern unter den Rock geschaut<\/p>\n<p><strong>3. Kapitel.: Tracht, Mode und ihr Preis<br \/>\n<\/strong>Hauben<br \/>\nWo kommen die vielen bunten T-Shirts her?<br \/>\nFragen zur DVD \u00fcber Kuma und Lata<br \/>\nTagesablauf<br \/>\nMode, Zeitgeist &amp; Lifestyle<br \/>\nSelten gewordene und ausgestorbene Berufe<br \/>\nL\u00f6sungen<\/p>\n<p><strong>Leihgeb\u00fchr:<br \/>\n<\/strong><br \/>\nDie Leihgeb\u00fchr betr\u00e4gt als Kaution 50,- \u20ac und wird bei unbeschadeter, vollst\u00e4ndiger R\u00fcckgabe zur\u00fcckgegeben.<br \/>\nDas Arbeitsheft kostet 5,- \u20ac mit der Genehmigung zur Vervielf\u00e4ltigung f\u00fcr den Unterricht.<\/p>\n","protected":false},"excerpt":{"rendered":"<p>Liebe P\u00e4dagoginnen und P\u00e4dagogen! Entdecken Sie unser Museum und die Geschichte der Bekleidung unserer Vorfahren. Zu dem Museumskoffer gibt es ein Arbeitsheft. Dieses soll Ihnen die Benutzung des Museumskoffers im Unterricht erleichtern, den Museumsbesuch mit einer Kindergruppe oder Schulklasse vor- oder nachbereiten helfen oder Sie beim Museumsbesuch mit einer Kindergruppe oder Schulklasse unterst\u00fctzen. Die Besch\u00e4ftigung [&hellip;]<\/p>\n","protected":false},"author":3,"featured_media":0,"parent":0,"menu_order":0,"comment_status":"closed","ping_status":"closed","template":"","meta":[],"_links":{"self":[{"href":"http:\/\/www.museum-nohfelden.de\/index.php?rest_route=\/wp\/v2\/pages\/242"}],"collection":[{"href":"http:\/\/www.museum-nohfelden.de\/index.php?rest_route=\/wp\/v2\/pages"}],"about":[{"href":"http:\/\/www.museum-nohfelden.de\/index.php?rest_route=\/wp\/v2\/types\/page"}],"author":[{"embeddable":true,"href":"http:\/\/www.museum-nohfelden.de\/index.php?rest_route=\/wp\/v2\/users\/3"}],"replies":[{"embeddable":true,"href":"http:\/\/www.museum-nohfelden.de\/index.php?rest_route=%2Fwp%2Fv2%2Fcomments&post=242"}],"version-history":[{"count":12,"href":"http:\/\/www.museum-nohfelden.de\/index.php?rest_route=\/wp\/v2\/pages\/242\/revisions"}],"predecessor-version":[{"id":2548,"href":"http:\/\/www.museum-nohfelden.de\/index.php?rest_route=\/wp\/v2\/pages\/242\/revisions\/2548"}],"wp:attachment":[{"href":"http:\/\/www.museum-nohfelden.de\/index.php?rest_route=%2Fwp%2Fv2%2Fmedia&parent=242"}],"curies":[{"name":"wp","href":"https:\/\/api.w.org\/{rel}","templated":true}]}}